{"id":223,"date":"2023-10-19T11:04:46","date_gmt":"2023-10-19T09:04:46","guid":{"rendered":"https:\/\/dev.ebnergroup.info\/?page_id=223"},"modified":"2023-10-19T12:37:25","modified_gmt":"2023-10-19T10:37:25","slug":"ueber-uns","status":"publish","type":"page","link":"https:\/\/dev.ebnergroup.info\/?page_id=223","title":{"rendered":"\u00dcber Uns"},"content":{"rendered":"\t\t<div data-elementor-type=\"wp-page\" data-elementor-id=\"223\" class=\"elementor elementor-223\" data-elementor-post-type=\"page\">\n\t\t\t\t<div class=\"elementor-element elementor-element-733e7d45 e-flex e-con-boxed e-con e-parent\" data-id=\"733e7d45\" data-element_type=\"container\" data-e-type=\"container\" data-settings=\"{&quot;background_background&quot;:&quot;classic&quot;}\">\n\t\t\t\t\t<div class=\"e-con-inner\">\n\t\t<div class=\"elementor-element elementor-element-73d0a406 e-con-full e-flex e-con e-child\" data-id=\"73d0a406\" data-element_type=\"container\" data-e-type=\"container\">\n\t\t\t\t<div class=\"elementor-element elementor-element-4e2630bc elementor-widget elementor-widget-heading\" data-id=\"4e2630bc\" data-element_type=\"widget\" data-e-type=\"widget\" data-widget_type=\"heading.default\">\n\t\t\t\t<div class=\"elementor-widget-container\">\n\t\t\t\t\t<h1 class=\"elementor-heading-title elementor-size-default\">\u00dcber Uns<\/h1>\t\t\t\t<\/div>\n\t\t\t\t<\/div>\n\t\t<div class=\"elementor-element elementor-element-42d718a6 e-flex e-con-boxed e-con e-child\" data-id=\"42d718a6\" data-element_type=\"container\" data-e-type=\"container\">\n\t\t\t\t\t<div class=\"e-con-inner\">\n\t\t\t\t<div class=\"elementor-element elementor-element-780bab33 elementor-align-right elementor-widget__width-auto elementor-widget elementor-widget-button\" data-id=\"780bab33\" data-element_type=\"widget\" data-e-type=\"widget\" data-widget_type=\"button.default\">\n\t\t\t\t<div class=\"elementor-widget-container\">\n\t\t\t\t\t\t\t\t\t<div class=\"elementor-button-wrapper\">\n\t\t\t\t\t<a class=\"elementor-button elementor-button-link elementor-size-sm\" href=\"\/kontakt\">\n\t\t\t\t\t\t<span class=\"elementor-button-content-wrapper\">\n\t\t\t\t\t\t\t\t\t<span class=\"elementor-button-text\">KONTAKT<\/span>\n\t\t\t\t\t<\/span>\n\t\t\t\t\t<\/a>\n\t\t\t\t<\/div>\n\t\t\t\t\t\t\t\t<\/div>\n\t\t\t\t<\/div>\n\t\t\t\t\t<\/div>\n\t\t\t\t<\/div>\n\t\t\t\t<\/div>\n\t\t\t\t\t<\/div>\n\t\t\t\t<\/div>\n\t\t<div class=\"elementor-element elementor-element-14a506cf e-flex e-con-boxed e-con e-parent\" data-id=\"14a506cf\" data-element_type=\"container\" data-e-type=\"container\" data-settings=\"{&quot;background_background&quot;:&quot;classic&quot;}\">\n\t\t\t\t\t<div class=\"e-con-inner\">\n\t\t<div class=\"elementor-element elementor-element-2a969ece e-con-full e-flex e-con e-child\" data-id=\"2a969ece\" data-element_type=\"container\" data-e-type=\"container\">\n\t\t\t\t<div class=\"elementor-element elementor-element-6f31f72c elementor-widget elementor-widget-heading\" data-id=\"6f31f72c\" data-element_type=\"widget\" data-e-type=\"widget\" data-widget_type=\"heading.default\">\n\t\t\t\t<div class=\"elementor-widget-container\">\n\t\t\t\t\t<h2 class=\"elementor-heading-title elementor-size-default\">EBNER Industrieofenbau<\/h2>\t\t\t\t<\/div>\n\t\t\t\t<\/div>\n\t\t\t\t<div class=\"elementor-element elementor-element-601e0781 elementor-widget elementor-widget-text-editor\" data-id=\"601e0781\" data-element_type=\"widget\" data-e-type=\"widget\" data-widget_type=\"text-editor.default\">\n\t\t\t\t<div class=\"elementor-widget-container\">\n\t\t\t\t\t\t\t\t\t<p>Wir sind seit Jahren &#8230;sics<\/p>\t\t\t\t\t\t\t\t<\/div>\n\t\t\t\t<\/div>\n\t\t\t\t<div class=\"elementor-element elementor-element-2a8105b elementor-widget elementor-widget-button\" data-id=\"2a8105b\" data-element_type=\"widget\" data-e-type=\"widget\" data-widget_type=\"button.default\">\n\t\t\t\t<div class=\"elementor-widget-container\">\n\t\t\t\t\t\t\t\t\t<div class=\"elementor-button-wrapper\">\n\t\t\t\t\t<a class=\"elementor-button elementor-button-link elementor-size-sm\" href=\"#\">\n\t\t\t\t\t\t<span class=\"elementor-button-content-wrapper\">\n\t\t\t\t\t\t\t\t\t<span class=\"elementor-button-text\">Hier Klicken<\/span>\n\t\t\t\t\t<\/span>\n\t\t\t\t\t<\/a>\n\t\t\t\t<\/div>\n\t\t\t\t\t\t\t\t<\/div>\n\t\t\t\t<\/div>\n\t\t\t\t<\/div>\n\t\t<div class=\"elementor-element elementor-element-647ea22a e-con-full e-flex e-con e-child\" data-id=\"647ea22a\" data-element_type=\"container\" data-e-type=\"container\">\n\t\t\t\t<div class=\"elementor-element elementor-element-1dc4fc15 elementor-widget elementor-widget-image\" data-id=\"1dc4fc15\" data-element_type=\"widget\" data-e-type=\"widget\" data-widget_type=\"image.default\">\n\t\t\t\t<div class=\"elementor-widget-container\">\n\t\t\t\t\t\t\t\t\t\t\t\t\t\t\t<img fetchpriority=\"high\" decoding=\"async\" width=\"1320\" height=\"851\" src=\"https:\/\/dev.ebnergroup.info\/wp-content\/uploads\/2023\/10\/A530_Mubea_201508010.jpg\" class=\"attachment-full size-full wp-image-92\" alt=\"\" srcset=\"https:\/\/dev.ebnergroup.info\/wp-content\/uploads\/2023\/10\/A530_Mubea_201508010.jpg 1320w, https:\/\/dev.ebnergroup.info\/wp-content\/uploads\/2023\/10\/A530_Mubea_201508010-300x193.jpg 300w, https:\/\/dev.ebnergroup.info\/wp-content\/uploads\/2023\/10\/A530_Mubea_201508010-1024x660.jpg 1024w, https:\/\/dev.ebnergroup.info\/wp-content\/uploads\/2023\/10\/A530_Mubea_201508010-768x495.jpg 768w\" sizes=\"(max-width: 1320px) 100vw, 1320px\" \/>\t\t\t\t\t\t\t\t\t\t\t\t\t\t\t<\/div>\n\t\t\t\t<\/div>\n\t\t\t\t<\/div>\n\t\t\t\t\t<\/div>\n\t\t\t\t<\/div>\n\t\t<div class=\"elementor-element elementor-element-4a7bea91 e-flex e-con-boxed e-con e-parent\" data-id=\"4a7bea91\" data-element_type=\"container\" data-e-type=\"container\" data-settings=\"{&quot;background_background&quot;:&quot;classic&quot;}\">\n\t\t\t\t\t<div class=\"e-con-inner\">\n\t\t<div class=\"elementor-element elementor-element-7debf199 e-con-full e-flex e-con e-child\" data-id=\"7debf199\" data-element_type=\"container\" data-e-type=\"container\">\n\t\t\t\t<div class=\"elementor-element elementor-element-1021db59 elementor-widget elementor-widget-heading\" data-id=\"1021db59\" data-element_type=\"widget\" data-e-type=\"widget\" data-widget_type=\"heading.default\">\n\t\t\t\t<div class=\"elementor-widget-container\">\n\t\t\t\t\t<h5 class=\"elementor-heading-title elementor-size-default\">Unter\u00fcberschrift<\/h5>\t\t\t\t<\/div>\n\t\t\t\t<\/div>\n\t\t\t\t<div class=\"elementor-element elementor-element-4afe4bb2 elementor-widget elementor-widget-heading\" data-id=\"4afe4bb2\" data-element_type=\"widget\" data-e-type=\"widget\" data-widget_type=\"heading.default\">\n\t\t\t\t<div class=\"elementor-widget-container\">\n\t\t\t\t\t<h2 class=\"elementor-heading-title elementor-size-default\">Hier ist eine \u00dcberschrift f\u00fcr die advanced Feature Sektion<\/h2>\t\t\t\t<\/div>\n\t\t\t\t<\/div>\n\t\t\t\t<div class=\"elementor-element elementor-element-7edf3400 elementor-widget elementor-widget-text-editor\" data-id=\"7edf3400\" data-element_type=\"widget\" data-e-type=\"widget\" data-widget_type=\"text-editor.default\">\n\t\t\t\t<div class=\"elementor-widget-container\">\n\t\t\t\t\t\t\t\t\t<p>Lorem ipsum dolor sit amet, consectetur adipiscing elit. Suspendisse varius enim in eros elementum tristique. Duis cursus, mi quis viverra ornare, eros dolor interdum nulla, ut commodo diam libero vitae erat.<\/p>\t\t\t\t\t\t\t\t<\/div>\n\t\t\t\t<\/div>\n\t\t\t\t<div class=\"elementor-element elementor-element-9d44e98 elementor-icon-list--layout-traditional elementor-list-item-link-full_width elementor-widget elementor-widget-icon-list\" data-id=\"9d44e98\" data-element_type=\"widget\" data-e-type=\"widget\" data-widget_type=\"icon-list.default\">\n\t\t\t\t<div class=\"elementor-widget-container\">\n\t\t\t\t\t\t\t<ul class=\"elementor-icon-list-items\">\n\t\t\t\t\t\t\t<li class=\"elementor-icon-list-item\">\n\t\t\t\t\t\t\t\t\t\t\t<span class=\"elementor-icon-list-icon\">\n\t\t\t\t\t\t\t<i aria-hidden=\"true\" class=\"fas fa-circle\"><\/i>\t\t\t\t\t\t<\/span>\n\t\t\t\t\t\t\t\t\t\t<span class=\"elementor-icon-list-text\">Lorem ipsum dolor sit amet, consectetur adipiscing elit. <\/span>\n\t\t\t\t\t\t\t\t\t<\/li>\n\t\t\t\t\t\t\t\t<li class=\"elementor-icon-list-item\">\n\t\t\t\t\t\t\t\t\t\t\t<span class=\"elementor-icon-list-icon\">\n\t\t\t\t\t\t\t<i aria-hidden=\"true\" class=\"fas fa-circle\"><\/i>\t\t\t\t\t\t<\/span>\n\t\t\t\t\t\t\t\t\t\t<span class=\"elementor-icon-list-text\">Lorem ipsum dolor sit amet, consectetur adipiscing elit. <\/span>\n\t\t\t\t\t\t\t\t\t<\/li>\n\t\t\t\t\t\t\t\t<li class=\"elementor-icon-list-item\">\n\t\t\t\t\t\t\t\t\t\t\t<span class=\"elementor-icon-list-icon\">\n\t\t\t\t\t\t\t<i aria-hidden=\"true\" class=\"fas fa-circle\"><\/i>\t\t\t\t\t\t<\/span>\n\t\t\t\t\t\t\t\t\t\t<span class=\"elementor-icon-list-text\">Lorem ipsum dolor sit amet, consectetur adipiscing elit. <\/span>\n\t\t\t\t\t\t\t\t\t<\/li>\n\t\t\t\t\t\t<\/ul>\n\t\t\t\t\t\t<\/div>\n\t\t\t\t<\/div>\n\t\t<div class=\"elementor-element elementor-element-6613f618 e-flex e-con-boxed e-con e-child\" data-id=\"6613f618\" data-element_type=\"container\" data-e-type=\"container\">\n\t\t\t\t\t<div class=\"e-con-inner\">\n\t\t\t\t<div class=\"elementor-element elementor-element-41156c22 elementor-widget elementor-widget-button\" data-id=\"41156c22\" data-element_type=\"widget\" data-e-type=\"widget\" data-widget_type=\"button.default\">\n\t\t\t\t<div class=\"elementor-widget-container\">\n\t\t\t\t\t\t\t\t\t<div class=\"elementor-button-wrapper\">\n\t\t\t\t\t<a class=\"elementor-button elementor-button-link elementor-size-sm\" href=\"#\">\n\t\t\t\t\t\t<span class=\"elementor-button-content-wrapper\">\n\t\t\t\t\t\t\t\t\t<span class=\"elementor-button-text\">Hier Klicken<\/span>\n\t\t\t\t\t<\/span>\n\t\t\t\t\t<\/a>\n\t\t\t\t<\/div>\n\t\t\t\t\t\t\t\t<\/div>\n\t\t\t\t<\/div>\n\t\t\t\t\t<\/div>\n\t\t\t\t<\/div>\n\t\t\t\t<\/div>\n\t\t<div class=\"elementor-element elementor-element-6aadcdfb e-con-full e-flex e-con e-child\" data-id=\"6aadcdfb\" data-element_type=\"container\" data-e-type=\"container\">\n\t\t\t\t<div class=\"elementor-element elementor-element-369341c elementor-widget elementor-widget-image\" data-id=\"369341c\" data-element_type=\"widget\" data-e-type=\"widget\" data-widget_type=\"image.default\">\n\t\t\t\t<div class=\"elementor-widget-container\">\n\t\t\t\t\t\t\t\t\t\t\t\t\t\t\t<img decoding=\"async\" width=\"1232\" height=\"1280\" src=\"https:\/\/dev.ebnergroup.info\/wp-content\/uploads\/2023\/10\/placeholder-demo-image-616x640-1.jpg\" class=\"attachment-full size-full wp-image-103\" alt=\"\" srcset=\"https:\/\/dev.ebnergroup.info\/wp-content\/uploads\/2023\/10\/placeholder-demo-image-616x640-1.jpg 1232w, https:\/\/dev.ebnergroup.info\/wp-content\/uploads\/2023\/10\/placeholder-demo-image-616x640-1-289x300.jpg 289w, https:\/\/dev.ebnergroup.info\/wp-content\/uploads\/2023\/10\/placeholder-demo-image-616x640-1-986x1024.jpg 986w, https:\/\/dev.ebnergroup.info\/wp-content\/uploads\/2023\/10\/placeholder-demo-image-616x640-1-768x798.jpg 768w\" sizes=\"(max-width: 1232px) 100vw, 1232px\" \/>\t\t\t\t\t\t\t\t\t\t\t\t\t\t\t<\/div>\n\t\t\t\t<\/div>\n\t\t\t\t<\/div>\n\t\t\t\t\t<\/div>\n\t\t\t\t<\/div>\n\t\t<div class=\"elementor-element elementor-element-9b91770 e-flex e-con-boxed e-con e-parent\" data-id=\"9b91770\" data-element_type=\"container\" data-e-type=\"container\">\n\t\t\t\t\t<div class=\"e-con-inner\">\n\t\t\t\t<div class=\"elementor-element elementor-element-662344f4 elementor-widget elementor-widget-heading\" data-id=\"662344f4\" data-element_type=\"widget\" data-e-type=\"widget\" data-widget_type=\"heading.default\">\n\t\t\t\t<div class=\"elementor-widget-container\">\n\t\t\t\t\t<h3 class=\"elementor-heading-title elementor-size-default\">Tagline<\/h3>\t\t\t\t<\/div>\n\t\t\t\t<\/div>\n\t\t\t\t<div class=\"elementor-element elementor-element-53625199 elementor-widget elementor-widget-heading\" data-id=\"53625199\" data-element_type=\"widget\" data-e-type=\"widget\" data-widget_type=\"heading.default\">\n\t\t\t\t<div class=\"elementor-widget-container\">\n\t\t\t\t\t<h2 class=\"elementor-heading-title elementor-size-default\">Unser Team<\/h2>\t\t\t\t<\/div>\n\t\t\t\t<\/div>\n\t\t\t\t<div class=\"elementor-element elementor-element-76f7c989 elementor-widget elementor-widget-text-editor\" data-id=\"76f7c989\" data-element_type=\"widget\" data-e-type=\"widget\" data-widget_type=\"text-editor.default\">\n\t\t\t\t<div class=\"elementor-widget-container\">\n\t\t\t\t\t\t\t\t\t<p>Lorem ipsum dolor sit amet, consectetur adipiscing elit.<\/p>\t\t\t\t\t\t\t\t<\/div>\n\t\t\t\t<\/div>\n\t\t<div class=\"elementor-element elementor-element-1bc4cc95 e-con-full e-flex e-con e-child\" data-id=\"1bc4cc95\" data-element_type=\"container\" data-e-type=\"container\">\n\t\t<div class=\"elementor-element elementor-element-4cae98fc e-con-full e-flex e-con e-child\" data-id=\"4cae98fc\" data-element_type=\"container\" data-e-type=\"container\">\n\t\t\t\t<div class=\"elementor-element elementor-element-59510fcc elementor-position-top elementor-widget elementor-widget-image-box\" data-id=\"59510fcc\" data-element_type=\"widget\" data-e-type=\"widget\" data-widget_type=\"image-box.default\">\n\t\t\t\t<div class=\"elementor-widget-container\">\n\t\t\t\t\t<div class=\"elementor-image-box-wrapper\"><figure class=\"elementor-image-box-img\"><img decoding=\"async\" width=\"1280\" height=\"1280\" src=\"https:\/\/dev.ebnergroup.info\/wp-content\/uploads\/2023\/10\/placeholder-demo-image-640x640-1.jpg\" class=\"attachment-full size-full wp-image-124\" alt=\"\" srcset=\"https:\/\/dev.ebnergroup.info\/wp-content\/uploads\/2023\/10\/placeholder-demo-image-640x640-1.jpg 1280w, https:\/\/dev.ebnergroup.info\/wp-content\/uploads\/2023\/10\/placeholder-demo-image-640x640-1-300x300.jpg 300w, https:\/\/dev.ebnergroup.info\/wp-content\/uploads\/2023\/10\/placeholder-demo-image-640x640-1-1024x1024.jpg 1024w, https:\/\/dev.ebnergroup.info\/wp-content\/uploads\/2023\/10\/placeholder-demo-image-640x640-1-150x150.jpg 150w, https:\/\/dev.ebnergroup.info\/wp-content\/uploads\/2023\/10\/placeholder-demo-image-640x640-1-768x768.jpg 768w\" sizes=\"(max-width: 1280px) 100vw, 1280px\" \/><\/figure><div class=\"elementor-image-box-content\"><h3 class=\"elementor-image-box-title\">Timo Haslberger<\/h3><p class=\"elementor-image-box-description\">Position<\/p><\/div><\/div>\t\t\t\t<\/div>\n\t\t\t\t<\/div>\n\t\t\t\t<\/div>\n\t\t<div class=\"elementor-element elementor-element-2e90d27 e-con-full e-flex e-con e-child\" data-id=\"2e90d27\" data-element_type=\"container\" data-e-type=\"container\">\n\t\t\t\t<div class=\"elementor-element elementor-element-fbb056b elementor-position-top elementor-widget elementor-widget-image-box\" data-id=\"fbb056b\" data-element_type=\"widget\" data-e-type=\"widget\" data-widget_type=\"image-box.default\">\n\t\t\t\t<div class=\"elementor-widget-container\">\n\t\t\t\t\t<div class=\"elementor-image-box-wrapper\"><figure class=\"elementor-image-box-img\"><img loading=\"lazy\" decoding=\"async\" width=\"512\" height=\"512\" src=\"https:\/\/dev.ebnergroup.info\/wp-content\/uploads\/2023\/10\/EQMS_fav.png\" class=\"attachment-full size-full wp-image-49\" alt=\"\" srcset=\"https:\/\/dev.ebnergroup.info\/wp-content\/uploads\/2023\/10\/EQMS_fav.png 512w, https:\/\/dev.ebnergroup.info\/wp-content\/uploads\/2023\/10\/EQMS_fav-300x300.png 300w, https:\/\/dev.ebnergroup.info\/wp-content\/uploads\/2023\/10\/EQMS_fav-150x150.png 150w\" sizes=\"(max-width: 512px) 100vw, 512px\" \/><\/figure><div class=\"elementor-image-box-content\"><h3 class=\"elementor-image-box-title\">Nico Haslberger<\/h3><p class=\"elementor-image-box-description\">Position<\/p><\/div><\/div>\t\t\t\t<\/div>\n\t\t\t\t<\/div>\n\t\t\t\t<\/div>\n\t\t<div class=\"elementor-element elementor-element-f713172 e-con-full e-flex e-con e-child\" data-id=\"f713172\" data-element_type=\"container\" data-e-type=\"container\">\n\t\t\t\t<div class=\"elementor-element elementor-element-9ae65fe elementor-position-top elementor-widget elementor-widget-image-box\" data-id=\"9ae65fe\" data-element_type=\"widget\" data-e-type=\"widget\" data-widget_type=\"image-box.default\">\n\t\t\t\t<div class=\"elementor-widget-container\">\n\t\t\t\t\t<div class=\"elementor-image-box-wrapper\"><figure class=\"elementor-image-box-img\"><img decoding=\"async\" width=\"1280\" height=\"1280\" src=\"https:\/\/dev.ebnergroup.info\/wp-content\/uploads\/2023\/10\/placeholder-demo-image-640x640-1.jpg\" class=\"attachment-full size-full wp-image-124\" alt=\"\" srcset=\"https:\/\/dev.ebnergroup.info\/wp-content\/uploads\/2023\/10\/placeholder-demo-image-640x640-1.jpg 1280w, https:\/\/dev.ebnergroup.info\/wp-content\/uploads\/2023\/10\/placeholder-demo-image-640x640-1-300x300.jpg 300w, https:\/\/dev.ebnergroup.info\/wp-content\/uploads\/2023\/10\/placeholder-demo-image-640x640-1-1024x1024.jpg 1024w, https:\/\/dev.ebnergroup.info\/wp-content\/uploads\/2023\/10\/placeholder-demo-image-640x640-1-150x150.jpg 150w, https:\/\/dev.ebnergroup.info\/wp-content\/uploads\/2023\/10\/placeholder-demo-image-640x640-1-768x768.jpg 768w\" sizes=\"(max-width: 1280px) 100vw, 1280px\" \/><\/figure><div class=\"elementor-image-box-content\"><h3 class=\"elementor-image-box-title\">Timo Haslberger<\/h3><p class=\"elementor-image-box-description\">Position<\/p><\/div><\/div>\t\t\t\t<\/div>\n\t\t\t\t<\/div>\n\t\t\t\t<\/div>\n\t\t<div class=\"elementor-element elementor-element-6f87026 e-con-full e-flex e-con e-child\" data-id=\"6f87026\" data-element_type=\"container\" data-e-type=\"container\">\n\t\t\t\t<div class=\"elementor-element elementor-element-8e6ed44 elementor-position-top elementor-widget elementor-widget-image-box\" data-id=\"8e6ed44\" data-element_type=\"widget\" data-e-type=\"widget\" data-widget_type=\"image-box.default\">\n\t\t\t\t<div class=\"elementor-widget-container\">\n\t\t\t\t\t<div class=\"elementor-image-box-wrapper\"><figure class=\"elementor-image-box-img\"><img decoding=\"async\" width=\"1280\" height=\"1280\" src=\"https:\/\/dev.ebnergroup.info\/wp-content\/uploads\/2023\/10\/placeholder-demo-image-640x640-1.jpg\" class=\"attachment-full size-full wp-image-124\" alt=\"\" srcset=\"https:\/\/dev.ebnergroup.info\/wp-content\/uploads\/2023\/10\/placeholder-demo-image-640x640-1.jpg 1280w, https:\/\/dev.ebnergroup.info\/wp-content\/uploads\/2023\/10\/placeholder-demo-image-640x640-1-300x300.jpg 300w, https:\/\/dev.ebnergroup.info\/wp-content\/uploads\/2023\/10\/placeholder-demo-image-640x640-1-1024x1024.jpg 1024w, https:\/\/dev.ebnergroup.info\/wp-content\/uploads\/2023\/10\/placeholder-demo-image-640x640-1-150x150.jpg 150w, https:\/\/dev.ebnergroup.info\/wp-content\/uploads\/2023\/10\/placeholder-demo-image-640x640-1-768x768.jpg 768w\" sizes=\"(max-width: 1280px) 100vw, 1280px\" \/><\/figure><div class=\"elementor-image-box-content\"><h3 class=\"elementor-image-box-title\">Timo Haslberger<\/h3><p class=\"elementor-image-box-description\">Position<\/p><\/div><\/div>\t\t\t\t<\/div>\n\t\t\t\t<\/div>\n\t\t\t\t<\/div>\n\t\t<div class=\"elementor-element elementor-element-d8f5e5b e-con-full e-flex e-con e-child\" data-id=\"d8f5e5b\" data-element_type=\"container\" data-e-type=\"container\">\n\t\t\t\t<div class=\"elementor-element elementor-element-0360f8a elementor-position-top elementor-widget elementor-widget-image-box\" data-id=\"0360f8a\" data-element_type=\"widget\" data-e-type=\"widget\" data-widget_type=\"image-box.default\">\n\t\t\t\t<div class=\"elementor-widget-container\">\n\t\t\t\t\t<div class=\"elementor-image-box-wrapper\"><figure class=\"elementor-image-box-img\"><img decoding=\"async\" width=\"1280\" height=\"1280\" src=\"https:\/\/dev.ebnergroup.info\/wp-content\/uploads\/2023\/10\/placeholder-demo-image-640x640-1.jpg\" class=\"attachment-full size-full wp-image-124\" alt=\"\" srcset=\"https:\/\/dev.ebnergroup.info\/wp-content\/uploads\/2023\/10\/placeholder-demo-image-640x640-1.jpg 1280w, https:\/\/dev.ebnergroup.info\/wp-content\/uploads\/2023\/10\/placeholder-demo-image-640x640-1-300x300.jpg 300w, https:\/\/dev.ebnergroup.info\/wp-content\/uploads\/2023\/10\/placeholder-demo-image-640x640-1-1024x1024.jpg 1024w, https:\/\/dev.ebnergroup.info\/wp-content\/uploads\/2023\/10\/placeholder-demo-image-640x640-1-150x150.jpg 150w, https:\/\/dev.ebnergroup.info\/wp-content\/uploads\/2023\/10\/placeholder-demo-image-640x640-1-768x768.jpg 768w\" sizes=\"(max-width: 1280px) 100vw, 1280px\" \/><\/figure><div class=\"elementor-image-box-content\"><h3 class=\"elementor-image-box-title\">Timo Haslberger<\/h3><p class=\"elementor-image-box-description\">Position<\/p><\/div><\/div>\t\t\t\t<\/div>\n\t\t\t\t<\/div>\n\t\t\t\t<\/div>\n\t\t<div class=\"elementor-element elementor-element-cec97a4 e-con-full e-flex e-con e-child\" data-id=\"cec97a4\" data-element_type=\"container\" data-e-type=\"container\">\n\t\t\t\t<div class=\"elementor-element elementor-element-0bf6d25 elementor-position-top elementor-widget elementor-widget-image-box\" data-id=\"0bf6d25\" data-element_type=\"widget\" data-e-type=\"widget\" data-widget_type=\"image-box.default\">\n\t\t\t\t<div class=\"elementor-widget-container\">\n\t\t\t\t\t<div class=\"elementor-image-box-wrapper\"><figure class=\"elementor-image-box-img\"><img decoding=\"async\" width=\"1280\" height=\"1280\" src=\"https:\/\/dev.ebnergroup.info\/wp-content\/uploads\/2023\/10\/placeholder-demo-image-640x640-1.jpg\" class=\"attachment-full size-full wp-image-124\" alt=\"\" srcset=\"https:\/\/dev.ebnergroup.info\/wp-content\/uploads\/2023\/10\/placeholder-demo-image-640x640-1.jpg 1280w, https:\/\/dev.ebnergroup.info\/wp-content\/uploads\/2023\/10\/placeholder-demo-image-640x640-1-300x300.jpg 300w, https:\/\/dev.ebnergroup.info\/wp-content\/uploads\/2023\/10\/placeholder-demo-image-640x640-1-1024x1024.jpg 1024w, https:\/\/dev.ebnergroup.info\/wp-content\/uploads\/2023\/10\/placeholder-demo-image-640x640-1-150x150.jpg 150w, https:\/\/dev.ebnergroup.info\/wp-content\/uploads\/2023\/10\/placeholder-demo-image-640x640-1-768x768.jpg 768w\" sizes=\"(max-width: 1280px) 100vw, 1280px\" \/><\/figure><div class=\"elementor-image-box-content\"><h3 class=\"elementor-image-box-title\">Timo Haslberger<\/h3><p class=\"elementor-image-box-description\">Position<\/p><\/div><\/div>\t\t\t\t<\/div>\n\t\t\t\t<\/div>\n\t\t\t\t<\/div>\n\t\t\t\t<\/div>\n\t\t\t\t\t<\/div>\n\t\t\t\t<\/div>\n\t\t<div class=\"elementor-element elementor-element-1b43ba40 e-con-full e-flex e-con e-parent\" data-id=\"1b43ba40\" data-element_type=\"container\" data-e-type=\"container\">\n\t\t\t\t<div class=\"elementor-element elementor-element-147f6db2 elementor--h-position-center elementor--v-position-middle elementor-arrows-position-inside elementor-pagination-position-inside elementor-widget elementor-widget-slides\" data-id=\"147f6db2\" data-element_type=\"widget\" data-e-type=\"widget\" data-settings=\"{&quot;navigation&quot;:&quot;both&quot;,&quot;autoplay&quot;:&quot;yes&quot;,&quot;pause_on_hover&quot;:&quot;yes&quot;,&quot;pause_on_interaction&quot;:&quot;yes&quot;,&quot;autoplay_speed&quot;:5000,&quot;infinite&quot;:&quot;yes&quot;,&quot;transition&quot;:&quot;slide&quot;,&quot;transition_speed&quot;:500}\" data-widget_type=\"slides.default\">\n\t\t\t\t<div class=\"elementor-widget-container\">\n\t\t\t\t\t\t\t\t\t<div class=\"elementor-swiper\">\n\t\t\t\t\t<div class=\"elementor-slides-wrapper elementor-main-swiper swiper\" role=\"region\" aria-roledescription=\"carousel\" aria-label=\"Slider\" dir=\"ltr\" data-animation=\"fadeInUp\">\n\t\t\t\t<div class=\"swiper-wrapper elementor-slides\">\n\t\t\t\t\t\t\t\t\t\t<div class=\"elementor-repeater-item-ff0d519 swiper-slide\" role=\"group\" aria-roledescription=\"slide\"><div class=\"swiper-slide-bg\" role=\"img\" aria-label=\"A613_Wa\u0308lzholz_20160243\"><\/div><div class=\"elementor-background-overlay\"><\/div><div class=\"swiper-slide-inner\" ><div class=\"swiper-slide-contents\"><div class=\"elementor-slide-heading\">EQMS Slider 1<\/div><div class=\"elementor-slide-description\">Lorem ipsum dolor sit amet consectetur adipiscing elit dolor<\/div><\/div><\/div><\/div><div class=\"elementor-repeater-item-afcdaa5 swiper-slide\" role=\"group\" aria-roledescription=\"slide\"><div class=\"swiper-slide-bg\" role=\"img\" aria-label=\"A530_Mubea_201508010\"><\/div><div class=\"elementor-background-overlay\"><\/div><div class=\"swiper-slide-inner\" ><div class=\"swiper-slide-contents\"><div class=\"elementor-slide-heading\">EQMS Slider Titel<\/div><div  class=\"elementor-button elementor-slide-button elementor-size-sm\">Hier klicken<\/div><\/div><\/div><\/div>\t\t\t\t<\/div>\n\t\t\t\t\t\t\t\t\t\t\t\t\t\t\t<div class=\"elementor-swiper-button elementor-swiper-button-prev\" role=\"button\" tabindex=\"0\" aria-label=\"Previous slide\">\n\t\t\t\t\t\t\t<i aria-hidden=\"true\" class=\"eicon-chevron-left\"><\/i>\t\t\t\t\t\t<\/div>\n\t\t\t\t\t\t<div class=\"elementor-swiper-button elementor-swiper-button-next\" role=\"button\" tabindex=\"0\" aria-label=\"Next slide\">\n\t\t\t\t\t\t\t<i aria-hidden=\"true\" class=\"eicon-chevron-right\"><\/i>\t\t\t\t\t\t<\/div>\n\t\t\t\t\t\t\t\t\t\t\t\t\t\t\t\t<div class=\"swiper-pagination\"><\/div>\n\t\t\t\t\t\t\t\t\t\t\t\t<\/div>\n\t\t\t\t<\/div>\n\t\t\t\t\t\t\t\t<\/div>\n\t\t\t\t<\/div>\n\t\t\t\t<\/div>\n\t\t\t\t<\/div>\n\t\t","protected":false},"excerpt":{"rendered":"<p>\u00dcber Uns KONTAKT EBNER Industrieofenbau Wir sind seit Jahren &#8230;sics Hier Klicken Unter\u00fcberschrift Hier ist eine \u00dcberschrift f\u00fcr die advanced Feature Sektion Lorem ipsum dolor sit amet, consectetur adipiscing elit. Suspendisse varius enim in eros elementum tristique. Duis cursus, mi quis viverra ornare, eros dolor interdum nulla, ut commodo diam libero vitae erat. Lorem ipsum [&hellip;]<\/p>\n","protected":false},"author":1,"featured_media":0,"parent":0,"menu_order":0,"comment_status":"closed","ping_status":"closed","template":"","meta":{"footnotes":""},"class_list":["post-223","page","type-page","status-publish","hentry"],"_links":{"self":[{"href":"https:\/\/dev.ebnergroup.info\/index.php?rest_route=\/wp\/v2\/pages\/223","targetHints":{"allow":["GET"]}}],"collection":[{"href":"https:\/\/dev.ebnergroup.info\/index.php?rest_route=\/wp\/v2\/pages"}],"about":[{"href":"https:\/\/dev.ebnergroup.info\/index.php?rest_route=\/wp\/v2\/types\/page"}],"author":[{"embeddable":true,"href":"https:\/\/dev.ebnergroup.info\/index.php?rest_route=\/wp\/v2\/users\/1"}],"replies":[{"embeddable":true,"href":"https:\/\/dev.ebnergroup.info\/index.php?rest_route=%2Fwp%2Fv2%2Fcomments&post=223"}],"version-history":[{"count":7,"href":"https:\/\/dev.ebnergroup.info\/index.php?rest_route=\/wp\/v2\/pages\/223\/revisions"}],"predecessor-version":[{"id":273,"href":"https:\/\/dev.ebnergroup.info\/index.php?rest_route=\/wp\/v2\/pages\/223\/revisions\/273"}],"wp:attachment":[{"href":"https:\/\/dev.ebnergroup.info\/index.php?rest_route=%2Fwp%2Fv2%2Fmedia&parent=223"}],"curies":[{"name":"wp","href":"https:\/\/api.w.org\/{rel}","templated":true}]}}